{"id":19,"date":"2023-07-07T06:28:48","date_gmt":"2023-07-07T06:28:48","guid":{"rendered":"https:\/\/www.konehapponen.fi\/?page_id=19"},"modified":"2023-10-17T12:58:58","modified_gmt":"2023-10-17T12:58:58","slug":"palvelut","status":"publish","type":"page","link":"https:\/\/www.konehapponen.fi\/index.php\/palvelut\/","title":{"rendered":"Palvelut"},"content":{"rendered":"\t\t<div data-elementor-type=\"wp-page\" data-elementor-id=\"19\" class=\"elementor elementor-19\" data-elementor-post-type=\"page\">\n\t\t\t\t\t\t\t\t\t<section class=\"elementor-section elementor-top-section elementor-element elementor-element-61cd658 elementor-section-height-min-height elementor-section-boxed elementor-section-height-default elementor-section-items-middle\" data-id=\"61cd658\" data-element_type=\"section\" data-settings=\"{&quot;background_background&quot;:&quot;classic&quot;}\">\n\t\t\t\t\t\t\t<div class=\"elementor-background-overlay\"><\/div>\n\t\t\t\t\t\t\t<div class=\"elementor-container elementor-column-gap-default\">\n\t\t\t\t\t<div class=\"elementor-column elementor-col-100 elementor-top-column elementor-element elementor-element-c9b58b7\" data-id=\"c9b58b7\" data-element_type=\"column\">\n\t\t\t<div class=\"elementor-widget-wrap elementor-element-populated\">\n\t\t\t\t\t\t\t\t<div class=\"elementor-element elementor-element-fba3aca elementor-widget elementor-widget-heading\" data-id=\"fba3aca\" data-element_type=\"widget\" data-widget_type=\"heading.default\">\n\t\t\t\t<div class=\"elementor-widget-container\">\n\t\t\t<style>\/*! elementor - v3.16.0 - 20-09-2023 *\/\n.elementor-heading-title{padding:0;margin:0;line-height:1}.elementor-widget-heading .elementor-heading-title[class*=elementor-size-]>a{color:inherit;font-size:inherit;line-height:inherit}.elementor-widget-heading .elementor-heading-title.elementor-size-small{font-size:15px}.elementor-widget-heading .elementor-heading-title.elementor-size-medium{font-size:19px}.elementor-widget-heading .elementor-heading-title.elementor-size-large{font-size:29px}.elementor-widget-heading .elementor-heading-title.elementor-size-xl{font-size:39px}.elementor-widget-heading .elementor-heading-title.elementor-size-xxl{font-size:59px}<\/style><h2 class=\"elementor-heading-title elementor-size-default\">Palvelut<\/h2>\t\t<\/div>\n\t\t\t\t<\/div>\n\t\t\t\t<div class=\"elementor-element elementor-element-80d7df6 elementor-widget elementor-widget-text-editor\" data-id=\"80d7df6\" data-element_type=\"widget\" data-widget_type=\"text-editor.default\">\n\t\t\t\t<div class=\"elementor-widget-container\">\n\t\t\t<style>\/*! elementor - v3.16.0 - 20-09-2023 *\/\n.elementor-widget-text-editor.elementor-drop-cap-view-stacked .elementor-drop-cap{background-color:#69727d;color:#fff}.elementor-widget-text-editor.elementor-drop-cap-view-framed .elementor-drop-cap{color:#69727d;border:3px solid;background-color:transparent}.elementor-widget-text-editor:not(.elementor-drop-cap-view-default) .elementor-drop-cap{margin-top:8px}.elementor-widget-text-editor:not(.elementor-drop-cap-view-default) .elementor-drop-cap-letter{width:1em;height:1em}.elementor-widget-text-editor .elementor-drop-cap{float:left;text-align:center;line-height:1;font-size:50px}.elementor-widget-text-editor .elementor-drop-cap-letter{display:inline-block}<\/style>\t\t\t\t<p>M\u00e4\u00e4r\u00e4aikaishuollot, korjaukset, vianhaku ja varaosat ymp\u00e4rist\u00f6nhuoltokoneisiin.<\/p>\t\t\t\t\t\t<\/div>\n\t\t\t\t<\/div>\n\t\t\t\t<div class=\"elementor-element elementor-element-55d8e7b elementor-nav-menu__align-center elementor-nav-menu--dropdown-none elementor-widget elementor-widget-nav-menu\" data-id=\"55d8e7b\" data-element_type=\"widget\" data-settings=\"{&quot;layout&quot;:&quot;horizontal&quot;,&quot;submenu_icon&quot;:{&quot;value&quot;:&quot;&lt;i class=\\&quot;fas fa-caret-down\\&quot;&gt;&lt;\\\/i&gt;&quot;,&quot;library&quot;:&quot;fa-solid&quot;}}\" data-widget_type=\"nav-menu.default\">\n\t\t\t\t<div class=\"elementor-widget-container\">\n\t\t\t<link rel=\"stylesheet\" href=\"https:\/\/www.konehapponen.fi\/wp-content\/plugins\/elementor-pro\/assets\/css\/widget-nav-menu.min.css\">\t\t\t<nav class=\"elementor-nav-menu--main elementor-nav-menu__container elementor-nav-menu--layout-horizontal e--pointer-underline e--animation-fade\">\n\t\t\t\t<ul id=\"menu-1-55d8e7b\" class=\"elementor-nav-menu\"><li class=\"menu-item menu-item-type-post_type menu-item-object-page menu-item-211\"><a href=\"https:\/\/www.konehapponen.fi\/index.php\/wille-huolto\/\" class=\"elementor-item\">Wille-huolto<\/a><\/li>\n<li class=\"menu-item menu-item-type-post_type menu-item-object-page menu-item-209\"><a href=\"https:\/\/www.konehapponen.fi\/index.php\/iseki-huolto\/\" class=\"elementor-item\">Iseki-huolto<\/a><\/li>\n<li class=\"menu-item menu-item-type-post_type menu-item-object-page menu-item-210\"><a href=\"https:\/\/www.konehapponen.fi\/index.php\/bucher-huolto\/\" class=\"elementor-item\">Bucher-huolto<\/a><\/li>\n<li class=\"menu-item menu-item-type-post_type menu-item-object-page menu-item-325\"><a href=\"https:\/\/www.konehapponen.fi\/index.php\/hako-huolto\/\" class=\"elementor-item\">Hako-huolto<\/a><\/li>\n<li class=\"menu-item menu-item-type-post_type menu-item-object-page menu-item-326\"><a href=\"https:\/\/www.konehapponen.fi\/index.php\/kohler-moottorihuolto\/\" class=\"elementor-item\">Kohler moottorihuolto<\/a><\/li>\n<li class=\"menu-item menu-item-type-post_type menu-item-object-page menu-item-327\"><a href=\"https:\/\/www.konehapponen.fi\/index.php\/varaosat\/\" class=\"elementor-item\">Varaosat<\/a><\/li>\n<\/ul>\t\t\t<\/nav>\n\t\t\t\t\t\t<nav class=\"elementor-nav-menu--dropdown elementor-nav-menu__container\" aria-hidden=\"true\">\n\t\t\t\t<ul id=\"menu-2-55d8e7b\" class=\"elementor-nav-menu\"><li class=\"menu-item menu-item-type-post_type menu-item-object-page menu-item-211\"><a href=\"https:\/\/www.konehapponen.fi\/index.php\/wille-huolto\/\" class=\"elementor-item\" tabindex=\"-1\">Wille-huolto<\/a><\/li>\n<li class=\"menu-item menu-item-type-post_type menu-item-object-page menu-item-209\"><a href=\"https:\/\/www.konehapponen.fi\/index.php\/iseki-huolto\/\" class=\"elementor-item\" tabindex=\"-1\">Iseki-huolto<\/a><\/li>\n<li class=\"menu-item menu-item-type-post_type menu-item-object-page menu-item-210\"><a href=\"https:\/\/www.konehapponen.fi\/index.php\/bucher-huolto\/\" class=\"elementor-item\" tabindex=\"-1\">Bucher-huolto<\/a><\/li>\n<li class=\"menu-item menu-item-type-post_type menu-item-object-page menu-item-325\"><a href=\"https:\/\/www.konehapponen.fi\/index.php\/hako-huolto\/\" class=\"elementor-item\" tabindex=\"-1\">Hako-huolto<\/a><\/li>\n<li class=\"menu-item menu-item-type-post_type menu-item-object-page menu-item-326\"><a href=\"https:\/\/www.konehapponen.fi\/index.php\/kohler-moottorihuolto\/\" class=\"elementor-item\" tabindex=\"-1\">Kohler moottorihuolto<\/a><\/li>\n<li class=\"menu-item menu-item-type-post_type menu-item-object-page menu-item-327\"><a href=\"https:\/\/www.konehapponen.fi\/index.php\/varaosat\/\" class=\"elementor-item\" tabindex=\"-1\">Varaosat<\/a><\/li>\n<\/ul>\t\t\t<\/nav>\n\t\t\t\t<\/div>\n\t\t\t\t<\/div>\n\t\t\t\t<div class=\"elementor-element elementor-element-4960d46 elementor-align-center elementor-widget elementor-widget-button\" data-id=\"4960d46\" data-element_type=\"widget\" data-widget_type=\"button.default\">\n\t\t\t\t<div class=\"elementor-widget-container\">\n\t\t\t\t\t<div class=\"elementor-button-wrapper\">\n\t\t\t<a class=\"elementor-button elementor-button-link elementor-size-sm\" href=\"#\">\n\t\t\t\t\t\t<span class=\"elementor-button-content-wrapper\">\n\t\t\t\t\t\t<span class=\"elementor-button-text\">Ota yhteytt\u00e4<\/span>\n\t\t<\/span>\n\t\t\t\t\t<\/a>\n\t\t<\/div>\n\t\t\t\t<\/div>\n\t\t\t\t<\/div>\n\t\t\t\t\t<\/div>\n\t\t<\/div>\n\t\t\t\t\t\t\t<\/div>\n\t\t<\/section>\n\t\t\t\t<section class=\"elementor-section elementor-top-section elementor-element elementor-element-3de61e2 elementor-section-boxed elementor-section-height-default elementor-section-height-default\" data-id=\"3de61e2\" data-element_type=\"section\">\n\t\t\t\t\t\t<div class=\"elementor-container elementor-column-gap-default\">\n\t\t\t\t\t<div class=\"elementor-column elementor-col-100 elementor-top-column elementor-element elementor-element-296b2fb\" data-id=\"296b2fb\" data-element_type=\"column\">\n\t\t\t<div class=\"elementor-widget-wrap elementor-element-populated\">\n\t\t\t\t\t\t\t\t<section class=\"elementor-section elementor-inner-section elementor-element elementor-element-1894d66 elementor-section-boxed elementor-section-height-default elementor-section-height-default\" data-id=\"1894d66\" data-element_type=\"section\">\n\t\t\t\t\t\t<div class=\"elementor-container elementor-column-gap-default\">\n\t\t\t\t\t<div class=\"elementor-column elementor-col-33 elementor-inner-column elementor-element elementor-element-3bb5d19\" data-id=\"3bb5d19\" data-element_type=\"column\">\n\t\t\t<div class=\"elementor-widget-wrap elementor-element-populated\">\n\t\t\t\t\t\t\t\t<div class=\"elementor-element elementor-element-d7a842f elementor-widget elementor-widget-heading\" data-id=\"d7a842f\" data-element_type=\"widget\" data-widget_type=\"heading.default\">\n\t\t\t\t<div class=\"elementor-widget-container\">\n\t\t\t<h2 class=\"elementor-heading-title elementor-size-default\">M\u00e4\u00e4r\u00e4aikaishuollot<\/h2>\t\t<\/div>\n\t\t\t\t<\/div>\n\t\t\t\t<div class=\"elementor-element elementor-element-bd08611 elementor-widget elementor-widget-text-editor\" data-id=\"bd08611\" data-element_type=\"widget\" data-widget_type=\"text-editor.default\">\n\t\t\t\t<div class=\"elementor-widget-container\">\n\t\t\t\t\t\t\t<p>Huollamme kaikki kiinteist\u00f6- ja ymp\u00e4rist\u00f6nhuollossa k\u00e4ytett\u00e4v\u00e4t konemerkit ammattitaidolla valmistajien ohjeiden mukaisesti&#8230;<\/p>\t\t\t\t\t\t<\/div>\n\t\t\t\t<\/div>\n\t\t\t\t<div class=\"elementor-element elementor-element-23f4faa elementor-align-left elementor-mobile-align-center elementor-widget elementor-widget-button\" data-id=\"23f4faa\" data-element_type=\"widget\" data-widget_type=\"button.default\">\n\t\t\t\t<div class=\"elementor-widget-container\">\n\t\t\t\t\t<div class=\"elementor-button-wrapper\">\n\t\t\t<a class=\"elementor-button elementor-button-link elementor-size-sm\" href=\"#maaraaikaishuolto\">\n\t\t\t\t\t\t<span class=\"elementor-button-content-wrapper\">\n\t\t\t\t\t\t<span class=\"elementor-button-text\">Lue lis\u00e4\u00e4<\/span>\n\t\t<\/span>\n\t\t\t\t\t<\/a>\n\t\t<\/div>\n\t\t\t\t<\/div>\n\t\t\t\t<\/div>\n\t\t\t\t\t<\/div>\n\t\t<\/div>\n\t\t\t\t<div class=\"elementor-column elementor-col-33 elementor-inner-column elementor-element elementor-element-d21fb75\" data-id=\"d21fb75\" data-element_type=\"column\">\n\t\t\t<div class=\"elementor-widget-wrap elementor-element-populated\">\n\t\t\t\t\t\t\t\t<div class=\"elementor-element elementor-element-2ad8399 elementor-widget elementor-widget-heading\" data-id=\"2ad8399\" data-element_type=\"widget\" data-widget_type=\"heading.default\">\n\t\t\t\t<div class=\"elementor-widget-container\">\n\t\t\t<h2 class=\"elementor-heading-title elementor-size-default\">Korjaukset ja vianhaku<\/h2>\t\t<\/div>\n\t\t\t\t<\/div>\n\t\t\t\t<div class=\"elementor-element elementor-element-4275e17 elementor-widget elementor-widget-text-editor\" data-id=\"4275e17\" data-element_type=\"widget\" data-widget_type=\"text-editor.default\">\n\t\t\t\t<div class=\"elementor-widget-container\">\n\t\t\t\t\t\t\t<p>Teemme kaikki korjaukset ja isommat remontit edustamiimme koneisiin. Meill\u00e4 on pitk\u00e4 kokemus tyypillisimmist\u00e4 korjauksista&#8230;<\/p>\t\t\t\t\t\t<\/div>\n\t\t\t\t<\/div>\n\t\t\t\t<div class=\"elementor-element elementor-element-62eed10 elementor-align-left elementor-mobile-align-center elementor-widget elementor-widget-button\" data-id=\"62eed10\" data-element_type=\"widget\" data-widget_type=\"button.default\">\n\t\t\t\t<div class=\"elementor-widget-container\">\n\t\t\t\t\t<div class=\"elementor-button-wrapper\">\n\t\t\t<a class=\"elementor-button elementor-button-link elementor-size-sm\" href=\"#vianhaku\">\n\t\t\t\t\t\t<span class=\"elementor-button-content-wrapper\">\n\t\t\t\t\t\t<span class=\"elementor-button-text\">Lue lis\u00e4\u00e4<\/span>\n\t\t<\/span>\n\t\t\t\t\t<\/a>\n\t\t<\/div>\n\t\t\t\t<\/div>\n\t\t\t\t<\/div>\n\t\t\t\t\t<\/div>\n\t\t<\/div>\n\t\t\t\t<div class=\"elementor-column elementor-col-33 elementor-inner-column elementor-element elementor-element-ac13622\" data-id=\"ac13622\" data-element_type=\"column\">\n\t\t\t<div class=\"elementor-widget-wrap elementor-element-populated\">\n\t\t\t\t\t\t\t\t<div class=\"elementor-element elementor-element-d7a59d3 elementor-widget elementor-widget-heading\" data-id=\"d7a59d3\" data-element_type=\"widget\" data-widget_type=\"heading.default\">\n\t\t\t\t<div class=\"elementor-widget-container\">\n\t\t\t<h2 class=\"elementor-heading-title elementor-size-default\">Varaosat<\/h2>\t\t<\/div>\n\t\t\t\t<\/div>\n\t\t\t\t<div class=\"elementor-element elementor-element-4a1e206 elementor-widget elementor-widget-text-editor\" data-id=\"4a1e206\" data-element_type=\"widget\" data-widget_type=\"text-editor.default\">\n\t\t\t\t<div class=\"elementor-widget-container\">\n\t\t\t\t\t\t\t<p>Meill\u00e4 laaja valikoima varaosia ja suodattimia edustamiimme merkkeihin suoraan varastosta. Lis\u00e4ksi tilaamme tavaraa l\u00e4hes p\u00e4ivitt\u00e4in, joten&#8230;<\/p>\t\t\t\t\t\t<\/div>\n\t\t\t\t<\/div>\n\t\t\t\t<div class=\"elementor-element elementor-element-119f711 elementor-align-left elementor-mobile-align-center elementor-widget elementor-widget-button\" data-id=\"119f711\" data-element_type=\"widget\" data-widget_type=\"button.default\">\n\t\t\t\t<div class=\"elementor-widget-container\">\n\t\t\t\t\t<div class=\"elementor-button-wrapper\">\n\t\t\t<a class=\"elementor-button elementor-button-link elementor-size-sm\" href=\"#varaosat\">\n\t\t\t\t\t\t<span class=\"elementor-button-content-wrapper\">\n\t\t\t\t\t\t<span class=\"elementor-button-text\">Lue lis\u00e4\u00e4<\/span>\n\t\t<\/span>\n\t\t\t\t\t<\/a>\n\t\t<\/div>\n\t\t\t\t<\/div>\n\t\t\t\t<\/div>\n\t\t\t\t\t<\/div>\n\t\t<\/div>\n\t\t\t\t\t\t\t<\/div>\n\t\t<\/section>\n\t\t\t\t\t<\/div>\n\t\t<\/div>\n\t\t\t\t\t\t\t<\/div>\n\t\t<\/section>\n\t\t\t\t<section class=\"elementor-section elementor-top-section elementor-element elementor-element-98f8dd8 elementor-reverse-mobile elementor-section-boxed elementor-section-height-default elementor-section-height-default\" data-id=\"98f8dd8\" data-element_type=\"section\" id=\"maaraaikaishuolto\">\n\t\t\t\t\t\t<div class=\"elementor-container elementor-column-gap-default\">\n\t\t\t\t\t<div class=\"elementor-column elementor-col-50 elementor-top-column elementor-element elementor-element-256208b\" data-id=\"256208b\" data-element_type=\"column\">\n\t\t\t<div class=\"elementor-widget-wrap elementor-element-populated\">\n\t\t\t\t\t\t\t\t<div class=\"elementor-element elementor-element-b10e13e elementor-widget elementor-widget-heading\" data-id=\"b10e13e\" data-element_type=\"widget\" data-widget_type=\"heading.default\">\n\t\t\t\t<div class=\"elementor-widget-container\">\n\t\t\t<h2 class=\"elementor-heading-title elementor-size-default\">M\u00e4\u00e4r\u00e4aikaishuollot<\/h2>\t\t<\/div>\n\t\t\t\t<\/div>\n\t\t\t\t<div class=\"elementor-element elementor-element-e6d4afe elementor-widget elementor-widget-text-editor\" data-id=\"e6d4afe\" data-element_type=\"widget\" data-widget_type=\"text-editor.default\">\n\t\t\t\t<div class=\"elementor-widget-container\">\n\t\t\t\t\t\t\t<p>Huollamme kaikki kiinteist\u00f6- ja ymp\u00e4rist\u00f6nhuollossa k\u00e4ytett\u00e4v\u00e4t konemerkit ammattitaidolla valmistajien ohjeiden mukaisesti. Oikein ajoitetut huollot ja huolloissa l\u00e4pik\u00e4yt\u00e4v\u00e4t tarkistuslistojen mukaiset toimenpiteet pident\u00e4v\u00e4t koneen k\u00e4ytt\u00f6ik\u00e4\u00e4 ja pit\u00e4v\u00e4t koneen toimintakuntoisena silloin kun sit\u00e4 eniten tarvitaan. Olemme usean konevalmistajan valtuuttama merkkihuolto.<\/p>\t\t\t\t\t\t<\/div>\n\t\t\t\t<\/div>\n\t\t\t\t<div class=\"elementor-element elementor-element-e9746c9 elementor-align-left elementor-mobile-align-left elementor-widget elementor-widget-button\" data-id=\"e9746c9\" data-element_type=\"widget\" data-widget_type=\"button.default\">\n\t\t\t\t<div class=\"elementor-widget-container\">\n\t\t\t\t\t<div class=\"elementor-button-wrapper\">\n\t\t\t<a class=\"elementor-button elementor-button-link elementor-size-sm\" href=\"https:\/\/www.konehapponen.fi\/index.php\/ota-yhteytta\/\">\n\t\t\t\t\t\t<span class=\"elementor-button-content-wrapper\">\n\t\t\t\t\t\t<span class=\"elementor-button-text\">Ota yhteytt\u00e4<\/span>\n\t\t<\/span>\n\t\t\t\t\t<\/a>\n\t\t<\/div>\n\t\t\t\t<\/div>\n\t\t\t\t<\/div>\n\t\t\t\t\t<\/div>\n\t\t<\/div>\n\t\t\t\t<div class=\"elementor-column elementor-col-50 elementor-top-column elementor-element elementor-element-b525454\" data-id=\"b525454\" data-element_type=\"column\">\n\t\t\t<div class=\"elementor-widget-wrap elementor-element-populated\">\n\t\t\t\t\t\t\t\t<div class=\"elementor-element elementor-element-1527e81 elementor-widget elementor-widget-image\" data-id=\"1527e81\" data-element_type=\"widget\" data-widget_type=\"image.default\">\n\t\t\t\t<div class=\"elementor-widget-container\">\n\t\t\t<style>\/*! elementor - v3.16.0 - 20-09-2023 *\/\n.elementor-widget-image{text-align:center}.elementor-widget-image a{display:inline-block}.elementor-widget-image a img[src$=\".svg\"]{width:48px}.elementor-widget-image img{vertical-align:middle;display:inline-block}<\/style>\t\t\t\t\t\t\t\t\t\t\t\t<img decoding=\"async\" loading=\"lazy\" width=\"800\" height=\"534\" src=\"https:\/\/www.konehapponen.fi\/wp-content\/uploads\/2023\/08\/P1036502-1024x683.jpg\" class=\"attachment-large size-large wp-image-282\" alt=\"\" srcset=\"https:\/\/www.konehapponen.fi\/wp-content\/uploads\/2023\/08\/P1036502-1024x683.jpg 1024w, https:\/\/www.konehapponen.fi\/wp-content\/uploads\/2023\/08\/P1036502-300x200.jpg 300w, https:\/\/www.konehapponen.fi\/wp-content\/uploads\/2023\/08\/P1036502-768x512.jpg 768w, https:\/\/www.konehapponen.fi\/wp-content\/uploads\/2023\/08\/P1036502-1536x1024.jpg 1536w, https:\/\/www.konehapponen.fi\/wp-content\/uploads\/2023\/08\/P1036502.jpg 1920w\" sizes=\"(max-width: 800px) 100vw, 800px\" \/>\t\t\t\t\t\t\t\t\t\t\t\t\t\t\t<\/div>\n\t\t\t\t<\/div>\n\t\t\t\t\t<\/div>\n\t\t<\/div>\n\t\t\t\t\t\t\t<\/div>\n\t\t<\/section>\n\t\t\t\t<section class=\"elementor-section elementor-top-section elementor-element elementor-element-159be7c elementor-reverse-mobile elementor-section-boxed elementor-section-height-default elementor-section-height-default\" data-id=\"159be7c\" data-element_type=\"section\" id=\"vianhaku\">\n\t\t\t\t\t\t<div class=\"elementor-container elementor-column-gap-default\">\n\t\t\t\t\t<div class=\"elementor-column elementor-col-50 elementor-top-column elementor-element elementor-element-a53f20a\" data-id=\"a53f20a\" data-element_type=\"column\">\n\t\t\t<div class=\"elementor-widget-wrap elementor-element-populated\">\n\t\t\t\t\t\t\t\t<div class=\"elementor-element elementor-element-8acc5c7 elementor-widget elementor-widget-heading\" data-id=\"8acc5c7\" data-element_type=\"widget\" data-widget_type=\"heading.default\">\n\t\t\t\t<div class=\"elementor-widget-container\">\n\t\t\t<h2 class=\"elementor-heading-title elementor-size-default\">Korjaukset ja vianhaku<\/h2>\t\t<\/div>\n\t\t\t\t<\/div>\n\t\t\t\t<div class=\"elementor-element elementor-element-f0e099b elementor-widget elementor-widget-text-editor\" data-id=\"f0e099b\" data-element_type=\"widget\" data-widget_type=\"text-editor.default\">\n\t\t\t\t<div class=\"elementor-widget-container\">\n\t\t\t\t\t\t\t<p>Teemme kaikki korjaukset ja isommat remontit edustamiimme koneisiin. Meill\u00e4 on pitk\u00e4 kokemus tyypillisimmist\u00e4 korjauksista ymp\u00e4rist\u00f6nhoito- ja lakaisukoneisiin sek\u00e4 erilaisiin ruohonleikkureihin. Hydraulij\u00e4rjestelm\u00e4t ja s\u00e4hk\u00f6viat, sek\u00e4 niiden diagnostiikka on osaamisaluettamme. Korjaamme my\u00f6s kaikki lis\u00e4laitteet kuten erilaiset lumiaurat ja harjalaitteet.<\/p>\t\t\t\t\t\t<\/div>\n\t\t\t\t<\/div>\n\t\t\t\t<div class=\"elementor-element elementor-element-6896222 elementor-align-left elementor-widget elementor-widget-button\" data-id=\"6896222\" data-element_type=\"widget\" data-widget_type=\"button.default\">\n\t\t\t\t<div class=\"elementor-widget-container\">\n\t\t\t\t\t<div class=\"elementor-button-wrapper\">\n\t\t\t<a class=\"elementor-button elementor-button-link elementor-size-sm\" href=\"https:\/\/www.konehapponen.fi\/index.php\/ota-yhteytta\/\">\n\t\t\t\t\t\t<span class=\"elementor-button-content-wrapper\">\n\t\t\t\t\t\t<span class=\"elementor-button-text\">Ota yhteytt\u00e4<\/span>\n\t\t<\/span>\n\t\t\t\t\t<\/a>\n\t\t<\/div>\n\t\t\t\t<\/div>\n\t\t\t\t<\/div>\n\t\t\t\t\t<\/div>\n\t\t<\/div>\n\t\t\t\t<div class=\"elementor-column elementor-col-50 elementor-top-column elementor-element elementor-element-18f8b50\" data-id=\"18f8b50\" data-element_type=\"column\">\n\t\t\t<div class=\"elementor-widget-wrap elementor-element-populated\">\n\t\t\t\t\t\t\t\t<div class=\"elementor-element elementor-element-3586648 elementor-widget elementor-widget-image\" data-id=\"3586648\" data-element_type=\"widget\" data-widget_type=\"image.default\">\n\t\t\t\t<div class=\"elementor-widget-container\">\n\t\t\t\t\t\t\t\t\t\t\t\t\t\t\t<img decoding=\"async\" loading=\"lazy\" width=\"800\" height=\"534\" src=\"https:\/\/www.konehapponen.fi\/wp-content\/uploads\/2023\/08\/P1036146-1024x683.jpg\" class=\"attachment-large size-large wp-image-146\" alt=\"\" srcset=\"https:\/\/www.konehapponen.fi\/wp-content\/uploads\/2023\/08\/P1036146-1024x683.jpg 1024w, https:\/\/www.konehapponen.fi\/wp-content\/uploads\/2023\/08\/P1036146-300x200.jpg 300w, https:\/\/www.konehapponen.fi\/wp-content\/uploads\/2023\/08\/P1036146-768x512.jpg 768w, https:\/\/www.konehapponen.fi\/wp-content\/uploads\/2023\/08\/P1036146-1536x1024.jpg 1536w, https:\/\/www.konehapponen.fi\/wp-content\/uploads\/2023\/08\/P1036146.jpg 2048w\" sizes=\"(max-width: 800px) 100vw, 800px\" \/>\t\t\t\t\t\t\t\t\t\t\t\t\t\t\t<\/div>\n\t\t\t\t<\/div>\n\t\t\t\t\t<\/div>\n\t\t<\/div>\n\t\t\t\t\t\t\t<\/div>\n\t\t<\/section>\n\t\t\t\t<section class=\"elementor-section elementor-top-section elementor-element elementor-element-45f32c0 elementor-reverse-mobile elementor-section-boxed elementor-section-height-default elementor-section-height-default\" data-id=\"45f32c0\" data-element_type=\"section\" id=\"varaosat\">\n\t\t\t\t\t\t<div class=\"elementor-container elementor-column-gap-default\">\n\t\t\t\t\t<div class=\"elementor-column elementor-col-50 elementor-top-column elementor-element elementor-element-502c32c\" data-id=\"502c32c\" data-element_type=\"column\">\n\t\t\t<div class=\"elementor-widget-wrap elementor-element-populated\">\n\t\t\t\t\t\t\t\t<div class=\"elementor-element elementor-element-02c4f02 elementor-widget elementor-widget-heading\" data-id=\"02c4f02\" data-element_type=\"widget\" data-widget_type=\"heading.default\">\n\t\t\t\t<div class=\"elementor-widget-container\">\n\t\t\t<h2 class=\"elementor-heading-title elementor-size-default\">Varaosat<\/h2>\t\t<\/div>\n\t\t\t\t<\/div>\n\t\t\t\t<div class=\"elementor-element elementor-element-f2ddbd4 elementor-widget elementor-widget-text-editor\" data-id=\"f2ddbd4\" data-element_type=\"widget\" data-widget_type=\"text-editor.default\">\n\t\t\t\t<div class=\"elementor-widget-container\">\n\t\t\t\t\t\t\t<p>Meill\u00e4 laaja valikoima varaosia ja suodattimia edustamiimme merkkeihin suoraan varastosta. Lis\u00e4ksi tilaamme tavaraa l\u00e4hes p\u00e4ivitt\u00e4in, joten toimitus onnistuu yleens\u00e4 seuraavaksi arkip\u00e4iv\u00e4ksi. Kysy my\u00f6s purkuosia Kohler- ja VM moottoreihin sek\u00e4 Dana Spicer akselistoihin.<\/p>\t\t\t\t\t\t<\/div>\n\t\t\t\t<\/div>\n\t\t\t\t<div class=\"elementor-element elementor-element-2077e7a elementor-align-left elementor-widget elementor-widget-button\" data-id=\"2077e7a\" data-element_type=\"widget\" data-widget_type=\"button.default\">\n\t\t\t\t<div class=\"elementor-widget-container\">\n\t\t\t\t\t<div class=\"elementor-button-wrapper\">\n\t\t\t<a class=\"elementor-button elementor-button-link elementor-size-sm\" href=\"https:\/\/www.konehapponen.fi\/index.php\/ota-yhteytta\/\">\n\t\t\t\t\t\t<span class=\"elementor-button-content-wrapper\">\n\t\t\t\t\t\t<span class=\"elementor-button-text\">Ota yhteytt\u00e4<\/span>\n\t\t<\/span>\n\t\t\t\t\t<\/a>\n\t\t<\/div>\n\t\t\t\t<\/div>\n\t\t\t\t<\/div>\n\t\t\t\t\t<\/div>\n\t\t<\/div>\n\t\t\t\t<div class=\"elementor-column elementor-col-50 elementor-top-column elementor-element elementor-element-d578a40\" data-id=\"d578a40\" data-element_type=\"column\">\n\t\t\t<div class=\"elementor-widget-wrap elementor-element-populated\">\n\t\t\t\t\t\t\t\t<div class=\"elementor-element elementor-element-2a306fb elementor-widget elementor-widget-image\" data-id=\"2a306fb\" data-element_type=\"widget\" data-widget_type=\"image.default\">\n\t\t\t\t<div class=\"elementor-widget-container\">\n\t\t\t\t\t\t\t\t\t\t\t\t\t\t\t<img decoding=\"async\" loading=\"lazy\" width=\"800\" height=\"534\" src=\"https:\/\/www.konehapponen.fi\/wp-content\/uploads\/2023\/08\/P1036263-1024x683.jpg\" class=\"attachment-large size-large wp-image-247\" alt=\"\" srcset=\"https:\/\/www.konehapponen.fi\/wp-content\/uploads\/2023\/08\/P1036263-1024x683.jpg 1024w, https:\/\/www.konehapponen.fi\/wp-content\/uploads\/2023\/08\/P1036263-300x200.jpg 300w, https:\/\/www.konehapponen.fi\/wp-content\/uploads\/2023\/08\/P1036263-768x512.jpg 768w, https:\/\/www.konehapponen.fi\/wp-content\/uploads\/2023\/08\/P1036263-1536x1024.jpg 1536w, https:\/\/www.konehapponen.fi\/wp-content\/uploads\/2023\/08\/P1036263.jpg 1920w\" sizes=\"(max-width: 800px) 100vw, 800px\" \/>\t\t\t\t\t\t\t\t\t\t\t\t\t\t\t<\/div>\n\t\t\t\t<\/div>\n\t\t\t\t\t<\/div>\n\t\t<\/div>\n\t\t\t\t\t\t\t<\/div>\n\t\t<\/section>\n\t\t\t\t\t\t\t<\/div>\n\t\t","protected":false},"excerpt":{"rendered":"<p>Palvelut M\u00e4\u00e4r\u00e4aikaishuollot, korjaukset, vianhaku ja varaosat ymp\u00e4rist\u00f6nhuoltokoneisiin. Ota yhteytt\u00e4 M\u00e4\u00e4r\u00e4aikaishuollot Huollamme kaikki kiinteist\u00f6- ja ymp\u00e4rist\u00f6nhuollossa k\u00e4ytett\u00e4v\u00e4t konemerkit ammattitaidolla valmistajien ohjeiden mukaisesti&#8230; Lue lis\u00e4\u00e4 Korjaukset ja vianhaku Teemme kaikki korjaukset ja isommat remontit edustamiimme koneisiin. Meill\u00e4 on pitk\u00e4 kokemus tyypillisimmist\u00e4 korjauksista&#8230; Lue lis\u00e4\u00e4 Varaosat Meill\u00e4 laaja valikoima varaosia ja suodattimia edustamiimme merkkeihin suoraan varastosta. Lis\u00e4ksi tilaamme [&hellip;]<\/p>\n","protected":false},"author":1,"featured_media":0,"parent":0,"menu_order":0,"comment_status":"closed","ping_status":"closed","template":"","meta":{"footnotes":""},"_links":{"self":[{"href":"https:\/\/www.konehapponen.fi\/index.php\/wp-json\/wp\/v2\/pages\/19"}],"collection":[{"href":"https:\/\/www.konehapponen.fi\/index.php\/wp-json\/wp\/v2\/pages"}],"about":[{"href":"https:\/\/www.konehapponen.fi\/index.php\/wp-json\/wp\/v2\/types\/page"}],"author":[{"embeddable":true,"href":"https:\/\/www.konehapponen.fi\/index.php\/wp-json\/wp\/v2\/users\/1"}],"replies":[{"embeddable":true,"href":"https:\/\/www.konehapponen.fi\/index.php\/wp-json\/wp\/v2\/comments?post=19"}],"version-history":[{"count":34,"href":"https:\/\/www.konehapponen.fi\/index.php\/wp-json\/wp\/v2\/pages\/19\/revisions"}],"predecessor-version":[{"id":641,"href":"https:\/\/www.konehapponen.fi\/index.php\/wp-json\/wp\/v2\/pages\/19\/revisions\/641"}],"wp:attachment":[{"href":"https:\/\/www.konehapponen.fi\/index.php\/wp-json\/wp\/v2\/media?parent=19"}],"curies":[{"name":"wp","href":"https:\/\/api.w.org\/{rel}","templated":true}]}}